{"id":2529,"date":"2023-09-21T16:36:40","date_gmt":"2023-09-21T16:36:40","guid":{"rendered":"https:\/\/growms.mx\/?page_id=2529"},"modified":"2023-09-21T16:46:31","modified_gmt":"2023-09-21T16:46:31","slug":"implementacion-atn-transporte-y-logistica","status":"publish","type":"page","link":"https:\/\/growms.mx\/gestiondealmacen\/implementacion-atn-transporte-y-logistica\/","title":{"rendered":"Implementaci\u00f3n ATN Transporte y Log\u00edstica"},"content":{"rendered":"\t\t<div data-elementor-type=\"wp-page\" data-elementor-id=\"2529\" class=\"elementor elementor-2529\">\n\t\t\t\t\t\t\t\t\t<section class=\"elementor-section elementor-top-section elementor-element elementor-element-14db4d5 elementor-section-boxed elementor-section-height-default elementor-section-height-default\" data-id=\"14db4d5\" data-element_type=\"section\">\n\t\t\t\t\t\t<div class=\"elementor-container elementor-column-gap-no\">\n\t\t\t\t\t<div class=\"elementor-column elementor-col-100 elementor-top-column elementor-element elementor-element-c3dd82c\" data-id=\"c3dd82c\" data-element_type=\"column\">\n\t\t\t<div class=\"elementor-widget-wrap elementor-element-populated\">\n\t\t\t\t\t\t\t\t<div class=\"elementor-element elementor-element-15988ac elementor-widget elementor-widget-image\" data-id=\"15988ac\" data-element_type=\"widget\" data-widget_type=\"image.default\">\n\t\t\t\t<div class=\"elementor-widget-container\">\n\t\t\t<style>\/*! elementor - v3.18.0 - 20-12-2023 *\/\n.elementor-widget-image{text-align:center}.elementor-widget-image a{display:inline-block}.elementor-widget-image a img[src$=\".svg\"]{width:48px}.elementor-widget-image img{vertical-align:middle;display:inline-block}<\/style>\t\t\t\t\t\t\t\t\t\t\t\t<img fetchpriority=\"high\" decoding=\"async\" width=\"1920\" height=\"826\" src=\"https:\/\/growms.mx\/gestiondealmacen\/wp-content\/uploads\/2023\/09\/Grow-19.jpg\" class=\"attachment-full size-full wp-image-2537\" alt=\"\" srcset=\"https:\/\/growms.mx\/gestiondealmacen\/wp-content\/uploads\/2023\/09\/Grow-19.jpg 1920w, https:\/\/growms.mx\/gestiondealmacen\/wp-content\/uploads\/2023\/09\/Grow-19-300x129.jpg 300w, https:\/\/growms.mx\/gestiondealmacen\/wp-content\/uploads\/2023\/09\/Grow-19-1024x441.jpg 1024w, https:\/\/growms.mx\/gestiondealmacen\/wp-content\/uploads\/2023\/09\/Grow-19-768x330.jpg 768w, https:\/\/growms.mx\/gestiondealmacen\/wp-content\/uploads\/2023\/09\/Grow-19-1536x661.jpg 1536w\" sizes=\"(max-width: 1920px) 100vw, 1920px\" \/>\t\t\t\t\t\t\t\t\t\t\t\t\t\t\t<\/div>\n\t\t\t\t<\/div>\n\t\t\t\t<div class=\"elementor-element elementor-element-e14dead elementor-widget elementor-widget-crysa_project_details\" data-id=\"e14dead\" data-element_type=\"widget\" data-widget_type=\"crysa_project_details.default\">\n\t\t\t\t<div class=\"elementor-widget-container\">\n\t\t\t\t<div class=\"top-info\">\r\n        <div class=\"row\">\r\n            <div class=\"col-xl-8 col-lg-7 pr-35 pr-md-15 pr-xs-15 left-info\">\r\n                <h2>ATN Transporte y Log\u00edstica<\/h2><p style=\"text-align: justify;\">ATN, uno de los m\u00e1s exitosos 5PL del pa\u00eds, se enfrentaba al reto de administrar CEDIS en multitemperatura y con m\u00e1s de 15 mil SKUs. Con GROWms, no solo han logrado gestionar la preparaci\u00f3n de pedidos eficientemente, sino que tambi\u00e9n han optimizado la distribuci\u00f3n en una de las redes m\u00e1s extensas de M\u00e9xico. Hoy, ATN es un testimonio viviente del poder y la eficiencia que GROWms puede aportar a cualquier operaci\u00f3n log\u00edstica.<\/p>            <\/div>\r\n            <div class=\"col-xl-4 col-lg-5 right-info\">\r\n                <div class=\"project-info mt-md-50 mt-xs-40\">\r\n                    <h3>Informaci\u00f3n del proyecto<\/h3>\r\n                    <ul>\r\n                    \t\t                        <li>\r\n\t                           Cliente<span>ATN Transporte y Log\u00edstica<\/span>\r\n\t                        <\/li>\r\n                    \t\t                        <li>\r\n\t                           <span>El transporte terrestre m\u00e1s vers\u00e1til de M\u00e9xico, lo que les permite brindar soluciones de transporte de mercanc\u00eda en diferentes configuraciones.<\/span>\r\n\t                        <\/li>\r\n                    \t                    <\/ul>\r\n\r\n                    <ul class=\"social\">\r\n                                                <li class=\"facebook\">\r\n                            <a href=\"https:\/\/www.facebook.com\/ATNtransporteylogistica\">\r\n                                <i class=\"fab fa-facebook-f\"><\/i>\r\n                            <\/a>\r\n                        <\/li>\r\n                                                                                                                         <li class=\"linkedin\">\r\n                            <a href=\"https:\/\/www.linkedin.com\/company\/atn-transporte-y-log%C3%ADstica\/\">\r\n                                <i class=\"fab fa-linkedin\"><\/i>\r\n                            <\/a>\r\n                        <\/li>\r\n                                                                         <li class=\"dribbble\">\r\n                            <a href=\"https:\/\/atntransportes.com\/\">\r\n                                <i class=\"fab fa-dribbble\"><\/i>\r\n                            <\/a>\r\n                        <\/li>\r\n                                                                                            <\/ul>\r\n                <\/div>\r\n            <\/div>\r\n        <\/div>\r\n    <\/div>\r\n\t\t\t<\/div>\n\t\t\t\t<\/div>\n\t\t\t\t<div class=\"elementor-element elementor-element-5fb71e2 elementor-widget elementor-widget-text-editor\" data-id=\"5fb71e2\" data-element_type=\"widget\" data-widget_type=\"text-editor.default\">\n\t\t\t\t<div class=\"elementor-widget-container\">\n\t\t\t<style>\/*! elementor - v3.18.0 - 20-12-2023 *\/\n.elementor-widget-text-editor.elementor-drop-cap-view-stacked .elementor-drop-cap{background-color:#69727d;color:#fff}.elementor-widget-text-editor.elementor-drop-cap-view-framed .elementor-drop-cap{color:#69727d;border:3px solid;background-color:transparent}.elementor-widget-text-editor:not(.elementor-drop-cap-view-default) .elementor-drop-cap{margin-top:8px}.elementor-widget-text-editor:not(.elementor-drop-cap-view-default) .elementor-drop-cap-letter{width:1em;height:1em}.elementor-widget-text-editor .elementor-drop-cap{float:left;text-align:center;line-height:1;font-size:50px}.elementor-widget-text-editor .elementor-drop-cap-letter{display:inline-block}<\/style>\t\t\t\t<div class=\"main-content\">\n<div class=\"row\">\n<div class=\"col-lg-6 col-md-6\"><img decoding=\"async\" class=\"alignnone size-medium wp-image-571\" src=\"https:\/\/growms.mx\/gestiondealmacen\/wp-content\/uploads\/2023\/09\/Grow-21.jpg\" alt=\"\" width=\"800\" height=\"600\" \/><\/div>\n<div class=\"col-lg-6 col-md-6\"><img decoding=\"async\" class=\"alignnone size-medium wp-image-578\" src=\"https:\/\/growms.mx\/gestiondealmacen\/wp-content\/uploads\/2023\/09\/Grow-20.jpg\" alt=\"\" width=\"800\" height=\"600\" \/><\/div>\n<\/div>\n<\/div>\t\t\t\t\t\t<\/div>\n\t\t\t\t<\/div>\n\t\t\t\t\t<\/div>\n\t\t<\/div>\n\t\t\t\t\t\t\t<\/div>\n\t\t<\/section>\n\t\t\t\t\t\t\t<\/div>\n\t\t","protected":false},"excerpt":{"rendered":"<p>ATN Transporte y Log\u00edstica ATN, uno de los m\u00e1s exitosos 5PL del pa\u00eds, se enfrentaba al reto de administrar CEDIS en multitemperatura y con m\u00e1s de 15 mil SKUs. Con GROWms, no solo han logrado gestionar la preparaci\u00f3n de pedidos eficientemente, sino que tambi\u00e9n han optimizado la distribuci\u00f3n en una de las redes m\u00e1s extensas [&hellip;]<\/p>\n","protected":false},"author":1,"featured_media":0,"parent":0,"menu_order":0,"comment_status":"closed","ping_status":"closed","template":"page-template\/crysa-project-single.php","meta":{"footnotes":""},"class_list":["post-2529","page","type-page","status-publish","hentry"],"yoast_head":"<!-- This site is optimized with the Yoast SEO plugin v21.8 - https:\/\/yoast.com\/wordpress\/plugins\/seo\/ -->\n<title>Implementaci\u00f3n ATN Transporte y Log\u00edstica - GROW ms<\/title>\n<meta name=\"robots\" content=\"index, follow, max-snippet:-1, max-image-preview:large, max-video-preview:-1\" \/>\n<link rel=\"canonical\" href=\"https:\/\/growms.mx\/gestiondealmacen\/implementacion-atn-transporte-y-logistica\/\" \/>\n<meta property=\"og:locale\" content=\"es_MX\" \/>\n<meta property=\"og:type\" content=\"article\" \/>\n<meta property=\"og:title\" content=\"Implementaci\u00f3n ATN Transporte y Log\u00edstica - GROW ms\" \/>\n<meta property=\"og:description\" content=\"ATN Transporte y Log\u00edstica ATN, uno de los m\u00e1s exitosos 5PL del pa\u00eds, se enfrentaba al reto de administrar CEDIS en multitemperatura y con m\u00e1s de 15 mil SKUs. Con GROWms, no solo han logrado gestionar la preparaci\u00f3n de pedidos eficientemente, sino que tambi\u00e9n han optimizado la distribuci\u00f3n en una de las redes m\u00e1s extensas [&hellip;]\" \/>\n<meta property=\"og:url\" content=\"https:\/\/growms.mx\/gestiondealmacen\/implementacion-atn-transporte-y-logistica\/\" \/>\n<meta property=\"og:site_name\" content=\"GROW ms\" \/>\n<meta property=\"article:modified_time\" content=\"2023-09-21T16:46:31+00:00\" \/>\n<meta property=\"og:image\" content=\"https:\/\/growms.mx\/gestiondealmacen\/wp-content\/uploads\/2023\/09\/Grow-19.jpg\" \/>\n<meta name=\"twitter:card\" content=\"summary_large_image\" \/>\n<meta name=\"twitter:label1\" content=\"Tiempo de lectura\" \/>\n\t<meta name=\"twitter:data1\" content=\"1 minuto\" \/>\n<script type=\"application\/ld+json\" class=\"yoast-schema-graph\">{\"@context\":\"https:\/\/schema.org\",\"@graph\":[{\"@type\":\"WebPage\",\"@id\":\"https:\/\/growms.mx\/gestiondealmacen\/implementacion-atn-transporte-y-logistica\/\",\"url\":\"https:\/\/growms.mx\/gestiondealmacen\/implementacion-atn-transporte-y-logistica\/\",\"name\":\"Implementaci\u00f3n ATN Transporte y Log\u00edstica - GROW ms\",\"isPartOf\":{\"@id\":\"https:\/\/growms.mx\/gestiondealmacen\/#website\"},\"datePublished\":\"2023-09-21T16:36:40+00:00\",\"dateModified\":\"2023-09-21T16:46:31+00:00\",\"breadcrumb\":{\"@id\":\"https:\/\/growms.mx\/gestiondealmacen\/implementacion-atn-transporte-y-logistica\/#breadcrumb\"},\"inLanguage\":\"es\",\"potentialAction\":[{\"@type\":\"ReadAction\",\"target\":[\"https:\/\/growms.mx\/gestiondealmacen\/implementacion-atn-transporte-y-logistica\/\"]}]},{\"@type\":\"BreadcrumbList\",\"@id\":\"https:\/\/growms.mx\/gestiondealmacen\/implementacion-atn-transporte-y-logistica\/#breadcrumb\",\"itemListElement\":[{\"@type\":\"ListItem\",\"position\":1,\"name\":\"Inicio\",\"item\":\"https:\/\/growms.mx\/gestiondealmacen\/\"},{\"@type\":\"ListItem\",\"position\":2,\"name\":\"Implementaci\u00f3n ATN Transporte y Log\u00edstica\"}]},{\"@type\":\"WebSite\",\"@id\":\"https:\/\/growms.mx\/gestiondealmacen\/#website\",\"url\":\"https:\/\/growms.mx\/gestiondealmacen\/\",\"name\":\"GROW ms\",\"description\":\"Gesti\u00f3n de almacen\",\"potentialAction\":[{\"@type\":\"SearchAction\",\"target\":{\"@type\":\"EntryPoint\",\"urlTemplate\":\"https:\/\/growms.mx\/gestiondealmacen\/?s={search_term_string}\"},\"query-input\":\"required name=search_term_string\"}],\"inLanguage\":\"es\"}]}<\/script>\n<!-- \/ Yoast SEO plugin. -->","yoast_head_json":{"title":"Implementaci\u00f3n ATN Transporte y Log\u00edstica - GROW ms","robots":{"index":"index","follow":"follow","max-snippet":"max-snippet:-1","max-image-preview":"max-image-preview:large","max-video-preview":"max-video-preview:-1"},"canonical":"https:\/\/growms.mx\/gestiondealmacen\/implementacion-atn-transporte-y-logistica\/","og_locale":"es_MX","og_type":"article","og_title":"Implementaci\u00f3n ATN Transporte y Log\u00edstica - GROW ms","og_description":"ATN Transporte y Log\u00edstica ATN, uno de los m\u00e1s exitosos 5PL del pa\u00eds, se enfrentaba al reto de administrar CEDIS en multitemperatura y con m\u00e1s de 15 mil SKUs. Con GROWms, no solo han logrado gestionar la preparaci\u00f3n de pedidos eficientemente, sino que tambi\u00e9n han optimizado la distribuci\u00f3n en una de las redes m\u00e1s extensas [&hellip;]","og_url":"https:\/\/growms.mx\/gestiondealmacen\/implementacion-atn-transporte-y-logistica\/","og_site_name":"GROW ms","article_modified_time":"2023-09-21T16:46:31+00:00","og_image":[{"url":"https:\/\/growms.mx\/gestiondealmacen\/wp-content\/uploads\/2023\/09\/Grow-19.jpg"}],"twitter_card":"summary_large_image","twitter_misc":{"Tiempo de lectura":"1 minuto"},"schema":{"@context":"https:\/\/schema.org","@graph":[{"@type":"WebPage","@id":"https:\/\/growms.mx\/gestiondealmacen\/implementacion-atn-transporte-y-logistica\/","url":"https:\/\/growms.mx\/gestiondealmacen\/implementacion-atn-transporte-y-logistica\/","name":"Implementaci\u00f3n ATN Transporte y Log\u00edstica - GROW ms","isPartOf":{"@id":"https:\/\/growms.mx\/gestiondealmacen\/#website"},"datePublished":"2023-09-21T16:36:40+00:00","dateModified":"2023-09-21T16:46:31+00:00","breadcrumb":{"@id":"https:\/\/growms.mx\/gestiondealmacen\/implementacion-atn-transporte-y-logistica\/#breadcrumb"},"inLanguage":"es","potentialAction":[{"@type":"ReadAction","target":["https:\/\/growms.mx\/gestiondealmacen\/implementacion-atn-transporte-y-logistica\/"]}]},{"@type":"BreadcrumbList","@id":"https:\/\/growms.mx\/gestiondealmacen\/implementacion-atn-transporte-y-logistica\/#breadcrumb","itemListElement":[{"@type":"ListItem","position":1,"name":"Inicio","item":"https:\/\/growms.mx\/gestiondealmacen\/"},{"@type":"ListItem","position":2,"name":"Implementaci\u00f3n ATN Transporte y Log\u00edstica"}]},{"@type":"WebSite","@id":"https:\/\/growms.mx\/gestiondealmacen\/#website","url":"https:\/\/growms.mx\/gestiondealmacen\/","name":"GROW ms","description":"Gesti\u00f3n de almacen","potentialAction":[{"@type":"SearchAction","target":{"@type":"EntryPoint","urlTemplate":"https:\/\/growms.mx\/gestiondealmacen\/?s={search_term_string}"},"query-input":"required name=search_term_string"}],"inLanguage":"es"}]}},"_links":{"self":[{"href":"https:\/\/growms.mx\/gestiondealmacen\/wp-json\/wp\/v2\/pages\/2529","targetHints":{"allow":["GET"]}}],"collection":[{"href":"https:\/\/growms.mx\/gestiondealmacen\/wp-json\/wp\/v2\/pages"}],"about":[{"href":"https:\/\/growms.mx\/gestiondealmacen\/wp-json\/wp\/v2\/types\/page"}],"author":[{"embeddable":true,"href":"https:\/\/growms.mx\/gestiondealmacen\/wp-json\/wp\/v2\/users\/1"}],"replies":[{"embeddable":true,"href":"https:\/\/growms.mx\/gestiondealmacen\/wp-json\/wp\/v2\/comments?post=2529"}],"version-history":[{"count":0,"href":"https:\/\/growms.mx\/gestiondealmacen\/wp-json\/wp\/v2\/pages\/2529\/revisions"}],"wp:attachment":[{"href":"https:\/\/growms.mx\/gestiondealmacen\/wp-json\/wp\/v2\/media?parent=2529"}],"curies":[{"name":"wp","href":"https:\/\/api.w.org\/{rel}","templated":true}]}}